{"id":3327,"date":"2020-12-22T17:25:13","date_gmt":"2020-12-22T17:25:13","guid":{"rendered":"https:\/\/adfoodexperts.ch\/agb\/"},"modified":"2021-09-21T14:34:07","modified_gmt":"2021-09-21T14:34:07","slug":"condizioni-di-uso","status":"publish","type":"page","link":"https:\/\/adfoodexperts.ch\/it\/condizioni-di-uso\/","title":{"rendered":"Condizioni di uso"},"content":{"rendered":"\t\t<div data-elementor-type=\"wp-page\" data-elementor-id=\"3327\" class=\"elementor elementor-3327 elementor-966\">\n\t\t\t\t\t\t<section class=\"elementor-section elementor-top-section elementor-element elementor-element-5789e4b elementor-section-boxed elementor-section-height-default elementor-section-height-default\" data-id=\"5789e4b\" data-element_type=\"section\" data-e-type=\"section\">\n\t\t\t\t\t\t<div class=\"elementor-container elementor-column-gap-default\">\n\t\t\t\t\t<div class=\"elementor-column elementor-col-100 elementor-top-column elementor-element elementor-element-379b3af\" data-id=\"379b3af\" data-element_type=\"column\" data-e-type=\"column\">\n\t\t\t<div class=\"elementor-widget-wrap elementor-element-populated\">\n\t\t\t\t\t\t<div class=\"elementor-element elementor-element-4accd25 elementor-widget elementor-widget-text-editor\" data-id=\"4accd25\" data-element_type=\"widget\" data-e-type=\"widget\" data-widget_type=\"text-editor.default\">\n\t\t\t\t<div class=\"elementor-widget-container\">\n\t\t\t\t\t\t\t\t\t<h1>CONDIZIONI D\u2019USO<\/h1><p>Vi informiamo che l\u2019accesso e l\u2019utilizzo di questo sito web sono soggetti ai seguenti termini di servizio. Qualsiasi modifica, variazione e aggiornamento parziale o totale delle condizioni d\u2019uso sar\u00e0 notificata ai nostri utenti con la pubblicazione sul sito web e sono giuridicamente vincolanti per gli utenti stessi.<\/p><p>L\u2019accesso e la visualizzazione del sito web (pagine viste, download di immagini, informazioni e prodotti acquistati) deve essere esclusivamente per uso personale. L\u2019uso di questo sito web per scopi commerciali, professionali e imprenditoriali anche per conto di terzi, \u00e8 severamente vietato.<\/p><p>Gli utenti che accedono al nostro sito web sono gli unici responsabili della divulgazione dei contenuti, delle informazioni e di altro materiale, senza l\u2019espresso consenso di Safijen Fashion International GmbH in particolare in caso di divulgazione di dati errati e falsi o relativi a terzi, Safijen Fashion International GmbH declina ogni responsabilit\u00e0. Il download di immagini, informazioni e qualsiasi altro materiale ottenuto attraverso l\u2019uso di questo sito web \u00e8 a rischio e pericolo dell\u2019utente.<\/p><p>Safijen Fashion International GmbH declina ogni responsabilit\u00e0 per danni conseguenti. La custodia delle credenziali per l\u2019accesso al nostro sito web \u00e8 responsabilit\u00e0 dell\u2019utente. I prodotti acquistati sul nostro sito web sono venduti e trattati fiscalmente da Safijen Fashion International GmbH, Summelenweg 93 \u2013 8808 Pf\u00e4ffikon SZ \u2013 Svizzera.<\/p><h2>Informativa sulla Privacy<\/h2><p>Gli utenti sono tenuti a leggere attentamente l\u2019informativa sulla privacy che viene applicata dal momento dell\u2019accesso e dell\u2019utilizzo dei servizi del nostro sito web, anche senza acquistare alcun prodotto.<\/p><h3>Diritti di propriet\u00e0 intellettuale<\/h3><p>Tutti i contenuti del nostro sito web: immagini, foto, musica, video, loghi, dialoghi, software, ecc\u2026 in qualsiasi formato e dimensione sono protetti dal diritto d\u2019autore e dai diritti di propriet\u00e0 intellettuale di Safijen Fashion International GmbH, Muraro Lorenzo S.p.a. e di altri titolari dei diritti.<\/p><p>Gli utenti sono autorizzati a visualizzare, navigare e acquistare i nostri prodotti, a condizione che tali operazioni rispondano a scopi legali e rispettino i diritti d\u2019autore e i diritti di propriet\u00e0 intellettuale di Safijen Fashion International GmbH, Muraro Lorenzo S.p.a. e degli altri autori di ogni opera presente nel sito web.<\/p><h3>Marchi e nomi di dominio<\/h3><p>Muraro Lorenzo S.p.a. \u00e8 l&#8217;unico titolare dei loghi e dei marchi denominati Barak\u00e0 e di ogni altro elemento che includa la parola &#8220;Barak\u00e0&#8221;.<\/p><p>Qualsiasi uso illegale non autorizzato dei suddetti marchi \u00e8 vietato e comporta gravi conseguenze legali. E&#8217; severamente vietato utilizzare questi marchi e qualsiasi altro elemento di safijen-baraka.ch per trarre ingiustamente vantaggio dalla notoriet\u00e0 degli stessi o per recare pregiudizio agli stessi e ai loro titolari.<\/p><h3>Avvertenze sul contenuto<\/h3><p>Safijen Fashion International GmbH prende ogni utile precauzione per garantire ai propri utenti la correttezza e l\u2019aggiornamento delle informazioni del sito web, ma declina ogni responsabilit\u00e0 nei confronti dei propri utenti per quanto riguarda la precisione e la completezza dei contenuti pubblicati sul proprio sito web.<\/p><p>Inoltre non pu\u00f2 garantire la continuit\u00e0 del proprio sito web, senza interruzioni, mancanza di errori\/errori o problemi di malfunzionamento legati alla connessione internet.<\/p><p>Safijen Fashion International GmbH fa del suo meglio per mantenere i dati dei propri utenti al sicuro e utilizzati secondo le leggi vigenti.<\/p><p>In caso di qualsiasi tipo di controversia su questo sito web, il foro competente \u00e8 il Tribunale di Zurigo.<\/p>\t\t\t\t\t\t\t\t<\/div>\n\t\t\t\t<\/div>\n\t\t\t\t\t<\/div>\n\t\t<\/div>\n\t\t\t\t\t<\/div>\n\t\t<\/section>\n\t\t\t\t<section class=\"elementor-section elementor-top-section elementor-element elementor-element-50a2395 elementor-section-boxed elementor-section-height-default elementor-section-height-default\" data-id=\"50a2395\" data-element_type=\"section\" data-e-type=\"section\" id=\"verkaufsbedingungen\">\n\t\t\t\t\t\t<div class=\"elementor-container elementor-column-gap-default\">\n\t\t\t\t\t<div class=\"elementor-column elementor-col-100 elementor-top-column elementor-element elementor-element-85169b7\" data-id=\"85169b7\" data-element_type=\"column\" data-e-type=\"column\">\n\t\t\t<div class=\"elementor-widget-wrap elementor-element-populated\">\n\t\t\t\t\t\t<div class=\"elementor-element elementor-element-715a074 elementor-widget elementor-widget-text-editor\" data-id=\"715a074\" data-element_type=\"widget\" data-e-type=\"widget\" data-widget_type=\"text-editor.default\">\n\t\t\t\t<div class=\"elementor-widget-container\">\n\t\t\t\t\t\t\t\t\t<h2>Condizioni di vendita<\/h2><div>\u00a0<\/div><h3>Propriet\u00e0 dei siti web<\/h3><p>Safijen Fashion International GmbH \u2013 distributore ufficiale di Barak\u00e0 ha sede legale in Summelenweg 93, Pf\u00e4ffikon SZ \u2013 Svizzera ed \u00e8 proprietaria del sito web safijen-baraka.ch.<\/p><p>Lo scopo di questa attivit\u00e0 \u00e8 la vendita online di prodotti e servizi.<\/p><h3 class=\"p3\">Condizioni di vendita<\/h3><p>I clienti che acquistano secondo le condizioni del sito dichiarano di aver preso visione di tutte le indicazioni fornite per la procedura d\u2019acquisto e di accettare integralmente le condizioni generali di vendita e di pagamento che seguono.<\/p><p>Tali condizioni generali di vendita e le condizioni di pagamento e di consegna della merce sono parte integrante del contratto di vendita tra il cliente e Safijen Fashion International GmbH, pertanto i nostri clienti sono tenuti a prenderne visione e a leggerle attentamente.<\/p><h3 class=\"p6\">Condizioni di acquisto<\/h3><p>I prodotti del sito safijen-baraka.ch sono disponibili per l\u2019acquisto.<\/p><p>La conferma d\u2019ordine da parte di Safijen Fashion International GmbH viene concordata tramite e-mail che verr\u00e0 inviata all\u2019indirizzo e-mail fornito dal cliente al momento della registrazione sul sito web.<\/p><p>Safijen Fashion International GmbH, a suo insindacabile giudizio, si riserva il diritto di rifiutare l\u2019ordine.<\/p><p>L\u2019e-mail di conferma dell\u2019ordine contiene i seguenti dati:<\/p><ul><li class=\"li8\">Data e numero d\u2019ordine<\/li><li class=\"li8\">Prodotto, modello, quantit\u00e0, prezzo<\/li><li class=\"li8\">Metodi di pagamento<\/li><li class=\"li8\">Costo totale dell\u2019ordine.<\/li><\/ul><h3 class=\"p6\">Come acquistare su safijen-baraka.ch<\/h3><p>Per acquistare in tutta sicurezza dal nostro negozio on-line compila i tuoi dati e registrati, sarai cos\u00ec pronto per l\u2019acquisto.<\/p><p>Scegli il tuo prodotto specificando taglia, colore e quantit\u00e0.<\/p><p>Clicca su \u201cAggiungi al carrello\u201d<\/p><p>Quando hai finito di acquistare, clicca su \u201cMostra carrello\u201d, poi \u201cAcquista ora\u201d e \u201cConferma ordine\u201d.<\/p><h3 class=\"p3\">Metodi di pagamento<\/h3><p><strong>Carte di credito<\/strong><\/p><p class=\"p13\">Dopo aver selezionato questo metodo di pagamento sarai automaticamente indirizzato alla pagina di pagamento, poi aggiungi i dati della tua carta di credito e clicca su \u201cAccetta e continua\u201d.<\/p><p><strong>Prezzi<\/strong><\/p><p>I prezzi dei prodotti pubblicati sul nostro sito web sono comprensivi di IVA 7,7%.<\/p><p>Foto e caratteristiche dei prodotti sono approssimative e non vincolanti, Safijen Fashion International GmbH si riserva il diritto di modificarle senza preavviso a suo insindacabile giudizio, se le immagini sono errate ma non compromettono la funzionalit\u00e0 e l\u2019aspetto del prodotto, l\u2019ordine sar\u00e0 comunque considerato valido.<\/p><h3 class=\"p3\">Foro competente<\/h3><p class=\"p8\">In caso di qualsiasi tipo di controversia, il foro competente \u00e8 quello di Zurigo.<\/p><h3 class=\"p3\">Termini e condizioni<\/h3><p>Le condizioni di vendita sul nostro sito web sono valide e applicabili fino a quando non saranno modificate o integrate. Tali modifiche e integrazioni saranno valide e applicabili a partire dalla data di pubblicazione sul nostro sito web.<\/p>\t\t\t\t\t\t\t\t<\/div>\n\t\t\t\t<\/div>\n\t\t\t\t\t<\/div>\n\t\t<\/div>\n\t\t\t\t\t<\/div>\n\t\t<\/section>\n\t\t\t\t<section class=\"elementor-section elementor-top-section elementor-element elementor-element-7816784 elementor-section-boxed elementor-section-height-default elementor-section-height-default\" data-id=\"7816784\" data-element_type=\"section\" data-e-type=\"section\" id=\"lieferbedingungen\">\n\t\t\t\t\t\t<div class=\"elementor-container elementor-column-gap-default\">\n\t\t\t\t\t<div class=\"elementor-column elementor-col-100 elementor-top-column elementor-element elementor-element-8ced75b\" data-id=\"8ced75b\" data-element_type=\"column\" data-e-type=\"column\">\n\t\t\t<div class=\"elementor-widget-wrap elementor-element-populated\">\n\t\t\t\t\t\t<div class=\"elementor-element elementor-element-e3df462 elementor-widget elementor-widget-text-editor\" data-id=\"e3df462\" data-element_type=\"widget\" data-e-type=\"widget\" data-widget_type=\"text-editor.default\">\n\t\t\t\t<div class=\"elementor-widget-container\">\n\t\t\t\t\t\t\t\t\t<h2>Politica di spedizione<\/h2><p><span lang=\"it\"><span title=\"\">Quanto segue si applica a tutte le merci nel nostro magazzino: tutti gli ordini ricevuti entro le 17:00 (dal luned\u00ec al venerd\u00ec) vengono inviati lo stesso giorno con consegna prevista la mattina del giorno lavorativo successivo.\u00a0<\/span>La spedizione viene gestita dalla\u00a0<\/span>DPD (Svizzera) SA in tutta la Svizzera e il Liechtenstein.\u00a0<strong>Consegna gratuita.<\/strong><\/p><p>Per le spedizioni internazionali, si prega di contattare il venditore tramite <a href=\"mailto:info@safijen.ch\">info@safijen.ch<\/a>.<\/p><p>Disponiamo di uno stock di oltre 100 modelli nel nostro negozio svizzero e ci impegnamo ad avere sempre a disposizione i modelli pi\u00f9 recenti. Tuttavia, a causa della variet\u00e0 di modelli del portfolio Barak\u00e0, alcuni prodotti potrebbero non essere disponibili nel negozio svizzero e dovranno essere ordinati dalla fabbrica, con un ulteriore tempo di attesa di 15 giorni lavorativi.<\/p><p>Safijen Fashion International GmbH declina ogni responsabilit\u00e0 per eventuali complicazioni di spedizione la cui responsabilit\u00e0 \u00e8 a carico dell\u2019addetto alle spedizioni. In caso di comunicazione da parte del corriere riguardo lo smarrimento, il furto o il danneggiamento del pacco, ci prenderemo carico di una seconda spedizione immediatamente. La copertura assicurativa \u00e8 valida fino alla consegna del prodotto.<\/p>\t\t\t\t\t\t\t\t<\/div>\n\t\t\t\t<\/div>\n\t\t\t\t\t<\/div>\n\t\t<\/div>\n\t\t\t\t\t<\/div>\n\t\t<\/section>\n\t\t\t\t<section class=\"elementor-section elementor-top-section elementor-element elementor-element-8ba0994 elementor-section-boxed elementor-section-height-default elementor-section-height-default\" data-id=\"8ba0994\" data-element_type=\"section\" data-e-type=\"section\" id=\"ruckgaberichtlinien\">\n\t\t\t\t\t\t<div class=\"elementor-container elementor-column-gap-default\">\n\t\t\t\t\t<div class=\"elementor-column elementor-col-100 elementor-top-column elementor-element elementor-element-459f624\" data-id=\"459f624\" data-element_type=\"column\" data-e-type=\"column\">\n\t\t\t<div class=\"elementor-widget-wrap elementor-element-populated\">\n\t\t\t\t\t\t<div class=\"elementor-element elementor-element-a2049ed elementor-widget elementor-widget-text-editor\" data-id=\"a2049ed\" data-element_type=\"widget\" data-e-type=\"widget\" data-widget_type=\"text-editor.default\">\n\t\t\t\t<div class=\"elementor-widget-container\">\n\t\t\t\t\t\t\t\t\t<h2>Condizioni di reso<\/h2><p>Hai il diritto di restituire il prodotto entro 14 giorni senza indicarne il motivo. Il periodo di restituzione scadr\u00e0 dopo 14 giorni dal giorno in cui l\u2019acquirente \u2013 o un terzo diverso dal vettore e da voi indicato \u2013 prende possesso fisico del prodotto. Per esercitare il diritto di restituzione di un prodotto, \u00e8 necessario informarci via e-mail al nostro indirizzo\u00a0<a href=\"mailto:info@safijen.ch\">info@safijen.ch<\/a>\u00a0entro 14 giorni dalla consegna della merce. Riceverai una mail di conferma con le istruzioni per la restituzione della merce.<\/p><h3>Effetti del reso<\/h3><p>In caso di restituzione di un prodotto, Safijen Fashion International GmbH rimborser\u00e0 l\u2019importo pagato. Il rimborso verr\u00e0 effettuato utilizzando gli stessi mezzi di pagamento utilizzati per la transazione iniziale, a meno che non sia stato espressamente concordato diversamente.<\/p><p>Il rimborso verr\u00e0 effettuato il pi\u00f9 presto possibile ed entro 14 giorni dalla data di ricezione della vostra comunicazione. Ci riserviamo il diritto di trattenere il rimborso fino al ricevimento della merce. Il cliente \u00e8 tenuto a restituire la merce o a consegnarcela, senza indebito ritardo e in ogni caso non oltre 14 giorni dal giorno in cui ha comunicato la sua volont\u00e0 di restituirci il prodotto.<\/p><p><b>Reso gratuito<\/b>.<\/p><p>Il cliente dovr\u00e0 sostenere le spese dirette di restituzione della merce entro 14 giorni dalla data di consegna. Ti preghiamo di assicurarti che la merce non sia stata indossata (tranne che per provarla), sia completa di tutti i relativi accessori e nella sua confezione originale. Possono essere restituiti al nostro corriere DPD o ad altri che preferite.<\/p><p><strong><em>Il diritto di recesso non esiste per la fornitura di beni su misura, realizzati secondo le specifiche del consumatore o chiaramente personalizzati. E\u2019 comunque a discrezione del venditore di rimborsare il 70% dell\u2019importo pagato.<\/em><\/strong><\/p><h3>Diritto allo scambio<\/h3><p>\u00c8 possibile richiedere un cambio entro 14 giorni dalla consegna della merce. \u00c8 necessario informarci via e-mail al nostro indirizzo\u00a0<a href=\"mailto:info@safijen.ch\">info@safijen.ch<\/a>\u00a0entro 14 giorni dalla consegna della merce.<\/p><p>La merce pu\u00f2 essere sostituita con articoli dello stesso prezzo o con altri articoli di cui dovr\u00e0 essere pagata la differenza, nel caso in cui il costo sia maggiore, oltre alle spese di spedizione.<\/p><p>Per ogni articolo acquistato, il cliente ha diritto a 1 cambio con lo stesso stile\/prezzo.<\/p><p>Gli articoli personalizzati o realizzati con le modifiche specifiche richieste non sono idonei allo scambio.<\/p><p>Se l\u2019aricolo restituito non pu\u00f2 essere accettato perch\u00e9 non conforme ai dati di cui sopra, l\u2019utente sar\u00e0 contattato e informato. In questo caso i prodotti acquistati saranno rimborsati delle spese di spedizione, in caso di rifiuto di tali termini Safijen Fashion International GmbH si riserva il diritto di trattenere il prodotto e il suo importo.<\/p>\t\t\t\t\t\t\t\t<\/div>\n\t\t\t\t<\/div>\n\t\t\t\t\t<\/div>\n\t\t<\/div>\n\t\t\t\t\t<\/div>\n\t\t<\/section>\n\t\t\t\t<section class=\"elementor-section elementor-top-section elementor-element elementor-element-0d2ef9d elementor-section-boxed elementor-section-height-default elementor-section-height-default\" data-id=\"0d2ef9d\" data-element_type=\"section\" data-e-type=\"section\" id=\"datenschutz\">\n\t\t\t\t\t\t<div class=\"elementor-container elementor-column-gap-default\">\n\t\t\t\t\t<div class=\"elementor-column elementor-col-100 elementor-top-column elementor-element elementor-element-2d79bd0\" data-id=\"2d79bd0\" data-element_type=\"column\" data-e-type=\"column\">\n\t\t\t<div class=\"elementor-widget-wrap elementor-element-populated\">\n\t\t\t\t\t\t<div class=\"elementor-element elementor-element-3429242 elementor-widget elementor-widget-text-editor\" data-id=\"3429242\" data-element_type=\"widget\" data-e-type=\"widget\" id=\"datenschutz\" data-widget_type=\"text-editor.default\">\n\t\t\t\t<div class=\"elementor-widget-container\">\n\t\t\t\t\t\t\t\t\t<h2>Privacy policy<\/h2><h3>Moduli di contatto<\/h3><p>Le informazioni fornite nei nostri moduli di contatto saranno utilizzate solo per soddisfare la richiesta iniziale. Safijen Fashion International GmbH non memorizza i vostri dati e non li utilizzer\u00e0 per altri scopi. \u00a0<\/p><h3>Cookies<\/h3><p>Se si utilizzano i nostri moduli di contatto sul nostro sito, \u00e8 possibile scegliere di salvare il proprio nome, indirizzo e-mail e sito web nei cookie. Questi sono per la vostra convenienza in modo da non dover inserire nuovamente i vostri dati quando ci contattate nuovamente o lasciate un altro commento. Questi cookie dureranno un anno.<\/p><p>Se visiti la nostra pagina di accesso, impostiamo un cookie temporaneo per determinare se il tuo browser accetta i cookie. Questo cookie non contiene dati personali e viene eliminato alla chiusura del browser.<\/p><p>Quando si effettua il login, impostiamo anche diversi cookie per salvare le informazioni di accesso e le scelte di visualizzazione dello schermo. I cookie di accesso durano due giorni e i cookie delle opzioni dello schermo durano un anno. Se selezioni \u201cRicordami\u201d, il tuo login persister\u00e0 per due settimane. Se si esce dal proprio account, i cookie di accesso verranno rimossi.<\/p><h3>Google Analytics<\/h3><p>Utilizziamo Google Analytics per analizzare l\u2019utilizzo del sito web. Utilizziamo i dati ottenuti per ottimizzare il nostro sito web per voi.<\/p><p>Google Analytics \u00e8 un servizio di analisi web gestito e fornito da Google Inc. (1600 Amphitheater Parkway, Mountain View, CA 94043, Stati Uniti). Google elabora i dati di utilizzo del sito web per nostro conto e si impegna contrattualmente ad adottare misure per garantire la riservatezza dei dati trattati.<\/p><p>Durante la vostra visita al sito web, tra l\u2019altro ha registrato i seguenti dati:<\/p><ul><li>Pagine<\/li><li>Il tuo comportamento sulle pagine (ad esempio, clic, comportamento di scorrimento e durata di navigazione)<\/li><li>La tua posizione approssimativa (paese e citt\u00e0)<\/li><li>Il tuo indirizzo IP (in forma anonima, in modo che non sia possibile alcuna assegnazione univoca)<\/li><li>Informazioni tecniche come browser, provider Internet, terminale e risoluzione dello schermo<\/li><li>Fonte di provenienza della vostra visita (ad esempio attraverso quale sito web o tramite quale materiale pubblicitario siete venuti da noi)<\/li><\/ul><p>Google Analytics memorizza i cookie nel vostro browser web per un periodo di due anni dalla vostra ultima visita. Questi cookie contengono un ID utente generato in modo casuale che vi permetter\u00e0 di essere riconosciuti durante le future visite al sito web.<\/p><p>I dati registrati vengono memorizzati insieme all\u2019ID utente generato in modo casuale, che consente di valutare profili utente pseudonimi. Questi dati relativi all\u2019utente vengono automaticamente cancellati dopo 26 mesi. Gli altri dati rimangono memorizzati in forma aggregata a tempo indeterminato.<\/p><p>Se non siete d\u2019accordo con la raccolta, potete farlo installando il componente aggiuntivo del\u00a0<a href=\"https:\/\/tools.google.com\/dlpage\/gaoptout\" target=\"_blank\" rel=\"noopener\">browser per disabilitare Google Analytics<\/a>.<\/p><h4>Quali diritti avete sui vostri dati<\/h4><p>Se hai un account su questo sito, o hai lasciato commenti, puoi richiedere di ricevere un file esportato dei tuoi dati personali in nostro possesso, compresi i dati che ci hai fornito. \u00c8 inoltre possibile richiedere la cancellazione di tutti i dati personali in nostro possesso. Questo non include i dati che siamo obbligati a conservare per scopi amministrativi, legali o di sicurezza.<\/p>\t\t\t\t\t\t\t\t<\/div>\n\t\t\t\t<\/div>\n\t\t\t\t\t<\/div>\n\t\t<\/div>\n\t\t\t\t\t<\/div>\n\t\t<\/section>\n\t\t\t\t<\/div>\n\t\t","protected":false},"excerpt":{"rendered":"<p>CONDIZIONI D\u2019USO Vi informiamo che l\u2019accesso e l\u2019utilizzo di questo sito web sono soggetti ai seguenti termini di servizio. Qualsiasi modifica, variazione e aggiornamento parziale o totale delle condizioni d\u2019uso sar\u00e0 notificata ai nostri utenti con la pubblicazione sul sito web e sono giuridicamente vincolanti per gli utenti stessi. L\u2019accesso e la visualizzazione del sito [&hellip;]<\/p>\n","protected":false},"author":1,"featured_media":0,"parent":0,"menu_order":10,"comment_status":"closed","ping_status":"closed","template":"","meta":{"ocean_post_layout":"","ocean_both_sidebars_style":"","ocean_both_sidebars_content_width":0,"ocean_both_sidebars_sidebars_width":0,"ocean_sidebar":"0","ocean_second_sidebar":"0","ocean_disable_margins":"enable","ocean_add_body_class":"","ocean_shortcode_before_top_bar":"","ocean_shortcode_after_top_bar":"","ocean_shortcode_before_header":"","ocean_shortcode_after_header":"","ocean_has_shortcode":"","ocean_shortcode_after_title":"","ocean_shortcode_before_footer_widgets":"","ocean_shortcode_after_footer_widgets":"","ocean_shortcode_before_footer_bottom":"","ocean_shortcode_after_footer_bottom":"","ocean_display_top_bar":"default","ocean_display_header":"default","ocean_header_style":"","ocean_center_header_left_menu":"0","ocean_custom_header_template":"0","ocean_custom_logo":0,"ocean_custom_retina_logo":0,"ocean_custom_logo_max_width":0,"ocean_custom_logo_tablet_max_width":0,"ocean_custom_logo_mobile_max_width":0,"ocean_custom_logo_max_height":0,"ocean_custom_logo_tablet_max_height":0,"ocean_custom_logo_mobile_max_height":0,"ocean_header_custom_menu":"0","ocean_menu_typo_font_family":"0","ocean_menu_typo_font_subset":"","ocean_menu_typo_font_size":0,"ocean_menu_typo_font_size_tablet":0,"ocean_menu_typo_font_size_mobile":0,"ocean_menu_typo_font_size_unit":"px","ocean_menu_typo_font_weight":"","ocean_menu_typo_font_weight_tablet":"","ocean_menu_typo_font_weight_mobile":"","ocean_menu_typo_transform":"","ocean_menu_typo_transform_tablet":"","ocean_menu_typo_transform_mobile":"","ocean_menu_typo_line_height":0,"ocean_menu_typo_line_height_tablet":0,"ocean_menu_typo_line_height_mobile":0,"ocean_menu_typo_line_height_unit":"","ocean_menu_typo_spacing":0,"ocean_menu_typo_spacing_tablet":0,"ocean_menu_typo_spacing_mobile":0,"ocean_menu_typo_spacing_unit":"","ocean_menu_link_color":"","ocean_menu_link_color_hover":"","ocean_menu_link_color_active":"","ocean_menu_link_background":"","ocean_menu_link_hover_background":"","ocean_menu_link_active_background":"","ocean_menu_social_links_bg":"","ocean_menu_social_hover_links_bg":"","ocean_menu_social_links_color":"","ocean_menu_social_hover_links_color":"","ocean_disable_title":"default","ocean_disable_heading":"default","ocean_post_title":"","ocean_post_subheading":"","ocean_post_title_style":"","ocean_post_title_background_color":"","ocean_post_title_background":0,"ocean_post_title_bg_image_position":"","ocean_post_title_bg_image_attachment":"","ocean_post_title_bg_image_repeat":"","ocean_post_title_bg_image_size":"","ocean_post_title_height":0,"ocean_post_title_bg_overlay":0.5,"ocean_post_title_bg_overlay_color":"","ocean_disable_breadcrumbs":"default","ocean_breadcrumbs_color":"","ocean_breadcrumbs_separator_color":"","ocean_breadcrumbs_links_color":"","ocean_breadcrumbs_links_hover_color":"","ocean_display_footer_widgets":"default","ocean_display_footer_bottom":"default","ocean_custom_footer_template":"0","footnotes":""},"class_list":["post-3327","page","type-page","status-publish","hentry","entry","owp-thumbs-layout-horizontal","owp-btn-normal","owp-tabs-layout-horizontal","has-no-thumbnails","has-product-nav","circle-sale"],"_links":{"self":[{"href":"https:\/\/adfoodexperts.ch\/it\/wp-json\/wp\/v2\/pages\/3327","targetHints":{"allow":["GET"]}}],"collection":[{"href":"https:\/\/adfoodexperts.ch\/it\/wp-json\/wp\/v2\/pages"}],"about":[{"href":"https:\/\/adfoodexperts.ch\/it\/wp-json\/wp\/v2\/types\/page"}],"author":[{"embeddable":true,"href":"https:\/\/adfoodexperts.ch\/it\/wp-json\/wp\/v2\/users\/1"}],"replies":[{"embeddable":true,"href":"https:\/\/adfoodexperts.ch\/it\/wp-json\/wp\/v2\/comments?post=3327"}],"version-history":[{"count":0,"href":"https:\/\/adfoodexperts.ch\/it\/wp-json\/wp\/v2\/pages\/3327\/revisions"}],"wp:attachment":[{"href":"https:\/\/adfoodexperts.ch\/it\/wp-json\/wp\/v2\/media?parent=3327"}],"curies":[{"name":"wp","href":"https:\/\/api.w.org\/{rel}","templated":true}]}}