{"id":3326,"date":"2020-12-22T17:25:13","date_gmt":"2020-12-22T17:25:13","guid":{"rendered":"https:\/\/adfoodexperts.ch\/agb\/"},"modified":"2021-09-21T14:56:28","modified_gmt":"2021-09-21T14:56:28","slug":"conditions-dutilisation","status":"publish","type":"page","link":"https:\/\/adfoodexperts.ch\/fr\/conditions-dutilisation\/","title":{"rendered":"Conditions d\u2019utilisation"},"content":{"rendered":"\t\t<div data-elementor-type=\"wp-page\" data-elementor-id=\"3326\" class=\"elementor elementor-3326 elementor-966\">\n\t\t\t\t\t\t<section class=\"elementor-section elementor-top-section elementor-element elementor-element-5789e4b elementor-section-boxed elementor-section-height-default elementor-section-height-default\" data-id=\"5789e4b\" data-element_type=\"section\" data-e-type=\"section\">\n\t\t\t\t\t\t<div class=\"elementor-container elementor-column-gap-default\">\n\t\t\t\t\t<div class=\"elementor-column elementor-col-100 elementor-top-column elementor-element elementor-element-379b3af\" data-id=\"379b3af\" data-element_type=\"column\" data-e-type=\"column\">\n\t\t\t<div class=\"elementor-widget-wrap elementor-element-populated\">\n\t\t\t\t\t\t<div class=\"elementor-element elementor-element-4accd25 elementor-widget elementor-widget-text-editor\" data-id=\"4accd25\" data-element_type=\"widget\" data-e-type=\"widget\" data-widget_type=\"text-editor.default\">\n\t\t\t\t<div class=\"elementor-widget-container\">\n\t\t\t\t\t\t\t\t\t<h1>CONDITIONS D\u2019UTILISATION<\/h1><p>Veuillez noter que l\u2019acc\u00e8s et l\u2019utilisation de ce site Web sont soumis aux conditions d\u2019utilisation suivantes. Tout changement, modification et mise \u00e0 jour partiels ou complets des Conditions d\u2019Utilisation sera communiqu\u00e9 \u00e0 nos utilisateurs par publication sur le Site et liera les utilisateurs eux-m\u00eames.<br \/>L\u2019acc\u00e8s et la visualisation du site (pages vues, t\u00e9l\u00e9chargements d\u2019images, informations et produits achet\u00e9s) ne peuvent \u00eatre effectu\u00e9s que pour un usage personnel. L\u2019utilisation de ce site Web \u00e0 des fins commerciales, professionnelles et commerciales, \u00e9galement pour le compte de tiers, est strictement interdite.<\/p><p>Les utilisateurs qui acc\u00e8dent \u00e0 notre site Web sont seuls responsables de la distribution de contenu, d\u2019informations et d\u2019autres mat\u00e9riaux, sans le consentement expr\u00e8s de Safijen Fashion International GmbH, en particulier en cas de divulgation de donn\u00e9es fausses et incorrectes ou en relation avec des tiers, rejette Safijen Fashion International GmbH n\u2019assume aucune responsabilit\u00e9. Le t\u00e9l\u00e9chargement d\u2019images, d\u2019informations et d\u2019autres documents obtenus gr\u00e2ce \u00e0 l\u2019utilisation de ce site Web est aux risques et p\u00e9rils de l\u2019utilisateur.<\/p><p>Safijen Fashion International GmbH d\u00e9cline toute responsabilit\u00e9 pour les dommages indirects. La conservation des donn\u00e9es d\u2019acc\u00e8s pour acc\u00e9der \u00e0 notre site Web est de la responsabilit\u00e9 de l\u2019utilisateur. Les produits achet\u00e9s sur notre site Web sont vendus et tax\u00e9s par Safijen Fashion International GmbH, Summelenweg 93 \u2013 8808 Pf\u00e4ffikon SZ \u2013 Suisse<\/p><h2>Politique de confidentialit\u00e9<\/h2><p>Les utilisateurs sont tenus de lire attentivement la politique de confidentialit\u00e9, qui s\u2019applique \u00e0 partir du moment de l\u2019acc\u00e8s et de l\u2019utilisation des services de notre site Web, m\u00eame sans achat d\u2019un produit.<\/p><h3>Droits de propri\u00e9t\u00e9 intellectuelle<\/h3><p>Tout le contenu de notre site Web: images, graphiques, musique, vid\u00e9os, logos, dialogues, logiciels, etc\u2026 Dans tous les formats et tailles, les droits d\u2019auteur et les droits de propri\u00e9t\u00e9 intellectuelle de Safijen Fashion International GmbH, Muraro Lorenzo S.p.a. et d\u2019autres qui d\u00e9tiennent les droits.<\/p><p>Les utilisateurs sont uniquement autoris\u00e9s \u00e0 visualiser, parcourir et acheter nos produits, \u00e0 condition que ces transactions soient de nature juridique et les droits d\u2019auteur et de propri\u00e9t\u00e9 intellectuelle de Safijen Fashion International GmbH, Muraro Lorenzo S.p.a. et respecter les autres auteurs de chaque \u0153uvre sur le site<\/p><h3>Marques et noms de domaine<\/h3><p>Muraro Lorenzo S.p.a. est l\u2019unique propri\u00e9taire des logos et des marques Barak\u00e0 et de toutes les autres fonctionnalit\u00e9s contenant le mot \u201cBarak\u00e0\u201d.<\/p><p>Toute utilisation ill\u00e9gale non autoris\u00e9e des marques ci-dessus est interdite et a de graves cons\u00e9quences juridiques. Il est strictement interdit d\u2019utiliser ces marques et toutes les autres fonctionnalit\u00e9s de safijen-baraka.ch pour abuser ind\u00fbment de la r\u00e9putation de ces marques ou pour les porter pr\u00e9judice ainsi qu\u2019\u00e0 leurs propri\u00e9taires.<\/p><h3>Avertissement sur le contenu<\/h3><p>Safijen Fashion International GmbH prend toutes les pr\u00e9cautions raisonnables pour fournir \u00e0 ses utilisateurs les informations correctes et \u00e0 jour sur le site Web, mais d\u00e9cline toute responsabilit\u00e9 envers ses utilisateurs pour l\u2019exactitude et l\u2019exhaustivit\u00e9 du contenu publi\u00e9 sur le site Web.<\/p><p>De plus, il ne peut garantir la continuit\u00e9 de son propre site Internet, sans interruption, \u00e0 l\u2019abri des erreurs ou dysfonctionnements li\u00e9s \u00e0 la connexion Internet.<\/p><p>Safijen Fashion International GmbH fait de son mieux pour assurer la s\u00e9curit\u00e9 des donn\u00e9es de ses propres utilisateurs et les utiliser conform\u00e9ment aux lois applicables.<\/p><p>En cas de litige sur ce site, le for est le tribunal de Zurich.<\/p>\t\t\t\t\t\t\t\t<\/div>\n\t\t\t\t<\/div>\n\t\t\t\t\t<\/div>\n\t\t<\/div>\n\t\t\t\t\t<\/div>\n\t\t<\/section>\n\t\t\t\t<section class=\"elementor-section elementor-top-section elementor-element elementor-element-50a2395 elementor-section-boxed elementor-section-height-default elementor-section-height-default\" data-id=\"50a2395\" data-element_type=\"section\" data-e-type=\"section\" id=\"verkaufsbedingungen\">\n\t\t\t\t\t\t<div class=\"elementor-container elementor-column-gap-default\">\n\t\t\t\t\t<div class=\"elementor-column elementor-col-100 elementor-top-column elementor-element elementor-element-85169b7\" data-id=\"85169b7\" data-element_type=\"column\" data-e-type=\"column\">\n\t\t\t<div class=\"elementor-widget-wrap elementor-element-populated\">\n\t\t\t\t\t\t<div class=\"elementor-element elementor-element-715a074 elementor-widget elementor-widget-text-editor\" data-id=\"715a074\" data-element_type=\"widget\" data-e-type=\"widget\" data-widget_type=\"text-editor.default\">\n\t\t\t\t<div class=\"elementor-widget-container\">\n\t\t\t\t\t\t\t\t\t<h2>Conditions de vente<\/h2><p>Safijen Fashion International GmbH \u2013 partenaire de distribution officiel de Barak\u00e0 bas\u00e9 \u00e0 Summelenweg 93, Pf\u00e4ffikon SZ \u2013 Suisse et propri\u00e9t\u00e9 du site web safijen-baraka.ch.<br \/>Le but de cette activit\u00e9 est la vente de produits et services en ligne.<\/p><h3>Conditions g\u00e9n\u00e9rales de vente<\/h3><p>Les clients qui ach\u00e8tent conform\u00e9ment aux conditions du site d\u00e9clarent avoir pris connaissance de toutes les informations relatives \u00e0 l\u2019achat et acceptent pleinement les conditions g\u00e9n\u00e9rales de vente et de paiement suivantes.<br \/>Les pr\u00e9sentes conditions g\u00e9n\u00e9rales de vente et les conditions de paiement et de livraison font partie int\u00e9grante du contrat d\u2019achat entre le client et Safijen Fashion International GmbH, de sorte que nos clients sont tenus de respecter les conditions et de les lire attentivement.<\/p><h3 class=\"p6\">Conditions d\u2019achat<\/h3><p>Les produits du site safijen-baraka.ch sont disponibles \u00e0 l\u2019achat.<\/p><p>La confirmation de commande de Safijen Fashion International GmbH est envoy\u00e9e par e-mail, qui sera envoy\u00e9e \u00e0 l\u2019adresse e-mail indiqu\u00e9e par le client lors de son inscription sur le site.<\/p><p>Safijen Fashion International GmbH se r\u00e9serve le droit de refuser la commande apr\u00e8s une discr\u00e9tion incontestable.<\/p><p>L\u2019e-mail de confirmation de commande contient les informations suivantes:<\/p><ul><li>Date et num\u00e9ro de commande<\/li><li>Produit, mod\u00e8le, quantit\u00e9, prix<\/li><li>Options de paiement<\/li><li>Co\u00fbt total de la commande<\/li><\/ul><h3 class=\"p6\"><span class=\"s3\">Comment acheter sur safijen-baraka.ch<\/span><\/h3><p>Pour acheter en toute s\u00e9curit\u00e9 dans notre boutique en ligne, entrez vos coordonn\u00e9es et inscrivez-vous, alors vous \u00eates pr\u00eat \u00e0 acheter.<br \/>Choisissez votre produit en indiquant la taille, la couleur et la quantit\u00e9.<br \/>Cliquez sur \u201cAjouter au panier\u201d.<br \/>Une fois l\u2019achat termin\u00e9, cliquez sur \u201cVoir le panier\u201d, puis sur \u201cAcheter maintenant\u201d et \u201cConfirmer la commande\u201d.<\/p><h3 class=\"p3\">Options de paiement<\/h3><p><strong>Carte de credit<\/strong><\/p><p class=\"p13\">Apr\u00e8s avoir s\u00e9lectionn\u00e9 ce mode de paiement, vous serez automatiquement redirig\u00e9 vers la page de paiement, puis ajoutez les d\u00e9tails de votre carte de cr\u00e9dit et cliquez sur \u201cAccepter et continuer\u201d.<\/p><p><strong>Prix<\/strong><\/p><p>Les prix des produits publi\u00e9s sur notre site Web incluent la TVA de 7,7%.<br \/>Les images, illustrations et caract\u00e9ristiques du produit sont approximatives et non contractuelles. Safijen Fashion International GmbH se r\u00e9serve le droit de les modifier au mieux de sa connaissance et de ses convictions sans pr\u00e9avis. Si les images sont incorrectes mais n\u2019affectent pas la fonctionnalit\u00e9 et l\u2019aspect du produit, la commande sera toujours consid\u00e9r\u00e9e comme valide.<\/p><h3 class=\"p3\">Jurisdiction<\/h3><p class=\"p8\">En cas de controverse, le for est le tribunal de Zurich.<\/p><h3 class=\"p3\">Conditions<\/h3><p>Les conditions de vente sur notre site Web sont valables et ex\u00e9cutoires jusqu\u2019\u00e0 ce qu\u2019elles soient modifi\u00e9es ou incorpor\u00e9es. Ces modifications et ajouts sont valables et ex\u00e9cutoires \u00e0 compter de la date de leur publication sur notre site Web.<\/p>\t\t\t\t\t\t\t\t<\/div>\n\t\t\t\t<\/div>\n\t\t\t\t\t<\/div>\n\t\t<\/div>\n\t\t\t\t\t<\/div>\n\t\t<\/section>\n\t\t\t\t<section class=\"elementor-section elementor-top-section elementor-element elementor-element-7816784 elementor-section-boxed elementor-section-height-default elementor-section-height-default\" data-id=\"7816784\" data-element_type=\"section\" data-e-type=\"section\" id=\"lieferbedingungen\">\n\t\t\t\t\t\t<div class=\"elementor-container elementor-column-gap-default\">\n\t\t\t\t\t<div class=\"elementor-column elementor-col-100 elementor-top-column elementor-element elementor-element-8ced75b\" data-id=\"8ced75b\" data-element_type=\"column\" data-e-type=\"column\">\n\t\t\t<div class=\"elementor-widget-wrap elementor-element-populated\">\n\t\t\t\t\t\t<div class=\"elementor-element elementor-element-e3df462 elementor-widget elementor-widget-text-editor\" data-id=\"e3df462\" data-element_type=\"widget\" data-e-type=\"widget\" data-widget_type=\"text-editor.default\">\n\t\t\t\t<div class=\"elementor-widget-container\">\n\t\t\t\t\t\t\t\t\t<h2>Livraison<\/h2><p>Ce qui suit s\u2019applique \u00e0 toutes les marchandises de notre propre entrep\u00f4t: Toutes les commandes re\u00e7ues avant 17 heures (du lundi au vendredi) sont envoy\u00e9es le m\u00eame jour et arrivent g\u00e9n\u00e9ralement le matin du jour suivant.<\/p><p><span lang=\"fr\"><span title=\"\">L\u2019exp\u00e9dition est envoy\u00e9 par\u00a0<\/span><\/span><span lang=\"fr\"><span title=\"\">DPD (Suisse) SA dans toute la Suisse et au Lichtenstein. <\/span><\/span><strong>La livraison et gratuite.<\/strong><\/p><p>Pour les envois internationaux, veuillez contacter le vendeur via <a href=\"mailto:info@safijen.ch\">info@safijen.ch<\/a>.<\/p><p>Nous avons plus de 100 mod\u00e8les dans notre magasin suisse et nous nous effor\u00e7ons de toujours avoir les derniers mod\u00e8les en stock. Cependant, en raison de la vari\u00e9t\u00e9 des mod\u00e8les du portefeuille de Barak\u00e0, certains produits peuvent ne pas \u00eatre disponibles dans le magasin suisse et doivent \u00eatre command\u00e9s\u00a0<span lang=\"fr\"><span title=\"\">directement aupr\u00e8s du fabricant en Italie<\/span><\/span>, ce qui entra\u00eene une p\u00e9riode d\u2019attente suppl\u00e9mentaire de 15 jours ouvrables.<\/p><p>La Safijen Fashion International GmbH. d\u00e9cline toute responsabilit\u00e9 pour les difficult\u00e9s de transport incombant au transitaire. Si nous recevons un message du courrier d\u00e9clarant que le colis a \u00e9t\u00e9 perdu, vol\u00e9 ou endommag\u00e9, nous vous renverrons le colis d\u00e8s que possible. La couverture d\u2019assurance est valable jusqu\u2019\u00e0 la livraison du produit.<\/p>\t\t\t\t\t\t\t\t<\/div>\n\t\t\t\t<\/div>\n\t\t\t\t\t<\/div>\n\t\t<\/div>\n\t\t\t\t\t<\/div>\n\t\t<\/section>\n\t\t\t\t<section class=\"elementor-section elementor-top-section elementor-element elementor-element-8ba0994 elementor-section-boxed elementor-section-height-default elementor-section-height-default\" data-id=\"8ba0994\" data-element_type=\"section\" data-e-type=\"section\">\n\t\t\t\t\t\t<div class=\"elementor-container elementor-column-gap-default\">\n\t\t\t\t\t<div class=\"elementor-column elementor-col-100 elementor-top-column elementor-element elementor-element-459f624\" data-id=\"459f624\" data-element_type=\"column\" data-e-type=\"column\">\n\t\t\t<div class=\"elementor-widget-wrap elementor-element-populated\">\n\t\t\t\t\t\t<div class=\"elementor-element elementor-element-a2049ed elementor-widget elementor-widget-text-editor\" data-id=\"a2049ed\" data-element_type=\"widget\" data-e-type=\"widget\" id=\"ruckgaberichtlinien\" data-widget_type=\"text-editor.default\">\n\t\t\t\t<div class=\"elementor-widget-container\">\n\t\t\t\t\t\t\t\t\t<h2>Politique de retour<\/h2><p>Vous avez le droit de retourner votre produit dans les 14 jours sans donner de raisons. La p\u00e9riode de retour se termine apr\u00e8s 14 jours \u00e0 compter de la date \u00e0 laquelle vous ou un tiers autre que le transitaire que vous avez sp\u00e9cifi\u00e9 acquiert la possession physique des derni\u00e8res marchandises. Afin d\u2019exercer le droit de retourner un produit, vous devez nous en informer par e-mail dans les 14 jours suivant la livraison de la marchandise \u00e0 notre adresse\u00a0<a href=\"mailto:info@safijen.ch\">info@safijen.ch<\/a>. Vous recevrez un e-mail de confirmation avec les instructions pour retourner la marchandise.<\/p><h3>Effets de rendement<\/h3><p>Lorsque vous retournez un produit, Safijen Fashion International GmbH rembourse le montant pay\u00e9. Nous proc\u00e9derons au remboursement avec le m\u00eame moyen de paiement que la premi\u00e8re transaction, sauf si vous en avez express\u00e9ment convenu autrement.<br \/>Le remboursement sera effectu\u00e9 d\u00e8s que possible et dans les 14 jours suivant la r\u00e9ception de votre avis. Nous pouvons retenir le remboursement jusqu\u2019\u00e0 ce que nous r\u00e9cup\u00e9rions la marchandise. Vous \u00eates oblig\u00e9 de nous retourner la marchandise imm\u00e9diatement ou, au plus tard, cependant, 14 jours apr\u00e8s la date \u00e0 laquelle vous nous communiquez votre demande de retour d\u2019un produit ou de nous la remettre.<br \/><strong>Les retours sont compl\u00e8tement gratuits.<\/strong><\/p><p>Vous devez supporter les frais directs de retour de la marchandise dans un d\u00e9lai de 14 jours \u00e0 compter de la date de livraison. Veuillez vous assurer que la marchandise n\u2019est pas port\u00e9e (sauf pour l\u2019essayer), compl\u00e8te avec tous les accessoires et dans son emballage d\u2019origine. Vous pouvez \u00eatre retourn\u00e9 \u00e0 notre service de messagerie DPD ou \u00e0 d\u2019autres personnes que vous pr\u00e9f\u00e9rez.<\/p><p><em><strong>Le droit d\u2019annuler ne consiste pas en la fourniture de biens qui sont fabriqu\u00e9s sur mesure, selon les sp\u00e9cifications du client ou qui sont clairement adapt\u00e9s au client. Cependant, le vendeur a la discr\u00e9tion de rembourser 70% du montant pay\u00e9.<\/strong><\/em><\/p><h3>Politique d\u2019\u00e9change<\/h3><p>Vous pouvez demander un \u00e9change dans les 14 jours suivant la livraison de la marchandise. Vous devez nous informer par email \u00e0 notre adresse\u00a0<a href=\"mailto:info@safijen.ch\">info@safijen.ch<\/a>\u00a0dans un d\u00e9lai de 14 jours \u00e0 compter de la livraison des marchandises.<\/p><p>Les marchandises peuvent \u00eatre remplac\u00e9es par des articles au m\u00eame prix ou par un autre article qui paie la diff\u00e9rence s\u2019il co\u00fbte plus cher, en plus des frais de port.<\/p><p>Pour chaque article achet\u00e9, le client a droit \u00e0 1 \u00e9change pour le m\u00eame style \/ prix.<br \/>Les articles personnalis\u00e9s ou fabriqu\u00e9s avec les modifications sp\u00e9cifiques demand\u00e9es ne sont pas \u00e9ligibles aux \u00e9changes.<br \/>Si l\u2019article retourn\u00e9 ne peut pas \u00eatre accept\u00e9 parce qu\u2019il n\u2019est pas conforme aux d\u00e9tails mentionn\u00e9s ci-dessus, l\u2019utilisateur sera contact\u00e9 et inform\u00e9. Dans ce cas, les produits achet\u00e9s vous seront rembours\u00e9s, si vous refusez ces conditions, Safijen Fashion International GmbH se r\u00e9serve le droit de conserver le produit et son montant.<\/p>\t\t\t\t\t\t\t\t<\/div>\n\t\t\t\t<\/div>\n\t\t\t\t\t<\/div>\n\t\t<\/div>\n\t\t\t\t\t<\/div>\n\t\t<\/section>\n\t\t\t\t<section class=\"elementor-section elementor-top-section elementor-element elementor-element-0d2ef9d elementor-section-boxed elementor-section-height-default elementor-section-height-default\" data-id=\"0d2ef9d\" data-element_type=\"section\" data-e-type=\"section\">\n\t\t\t\t\t\t<div class=\"elementor-container elementor-column-gap-default\">\n\t\t\t\t\t<div class=\"elementor-column elementor-col-100 elementor-top-column elementor-element elementor-element-2d79bd0\" data-id=\"2d79bd0\" data-element_type=\"column\" data-e-type=\"column\">\n\t\t\t<div class=\"elementor-widget-wrap elementor-element-populated\">\n\t\t\t\t\t\t<div class=\"elementor-element elementor-element-3429242 elementor-widget elementor-widget-text-editor\" data-id=\"3429242\" data-element_type=\"widget\" data-e-type=\"widget\" id=\"datenschutz\" data-widget_type=\"text-editor.default\">\n\t\t\t\t<div class=\"elementor-widget-container\">\n\t\t\t\t\t\t\t\t\t<h2>Politique de confidentialit\u00e9<\/h2><h3>Formes de contact<\/h3><p>Les donn\u00e9es que vous nous fournissez dans nos formulaires de contact ne seront utilis\u00e9es que pour r\u00e9pondre \u00e0 la premi\u00e8re demande. Safijen Fashion International GmbH ne stocke pas vos donn\u00e9es et ne les utilisera pas \u00e0 d\u2019autres fins.<\/p><h3>Cookies<\/h3><p>Si vous utilisez nos formulaires de contact sur notre site Web, vous pouvez choisir d\u2019enregistrer votre nom, votre adresse e-mail et votre site Web dans des cookies. Ce sont pour votre commodit\u00e9, vous n\u2019avez donc pas \u00e0 ressaisir vos coordonn\u00e9es lorsque vous nous contactez \u00e0 nouveau ou en laissant un commentaire. Ces cookies durent un an.<\/p><p>Lorsque vous visitez notre page de connexion, nous d\u00e9finissons un cookie temporaire pour d\u00e9terminer si votre navigateur accepte les cookies. Ce cookie ne contient aucune information personnelle et est supprim\u00e9 lorsque vous fermez votre navigateur.<\/p><p>Lorsque vous vous connectez, nous configurons \u00e9galement plusieurs cookies pour stocker vos informations de connexion et vos options d\u2019affichage \u00e0 l\u2019\u00e9cran. Les cookies de connexion prennent deux jours et les cookies pour les options d\u2019\u00e9cran durent un an. Si vous choisissez, \u201cRemember Me\u201d votre connexion durera deux semaines. Lorsque vous vous d\u00e9connectez de votre compte, les cookies de connexion seront supprim\u00e9s.<\/p><h3>Google Analytics<\/h3><p>Nous utilisons Google Analytics pour analyser l\u2019utilisation du site Web. Nous utilisons les donn\u00e9es collect\u00e9es pour optimiser notre site Web pour vous.<\/p><p>Google Analytics est un service d\u2019analyse Web g\u00e9r\u00e9 et fourni par Google Inc. (1600 Amphitheatre Parkway, Mountain View, CA 94043, \u00c9tats-Unis). Google traite les donn\u00e9es d\u2019utilisation du site Web en notre nom et est contractuellement tenu de prendre des mesures pour garantir la confidentialit\u00e9 des donn\u00e9es trait\u00e9es.<\/p><p>Lors de votre visite sur le site, les donn\u00e9es suivantes ont \u00e9t\u00e9 collect\u00e9es, notamment:<\/p><p>Pages appel\u00e9es Votre comportement sur les pages (par exemple, clics, comportement de d\u00e9filement et dur\u00e9e de s\u00e9jour) Votre position approximative (pays et ville) Votre adresse IP (sous forme anonyme, afin qu\u2019aucune attribution unique ne soit possible) Informations techniques telles que navigateur, fournisseur d\u2019acc\u00e8s Internet, terminal et r\u00e9solution d\u2019\u00e9cran Origine de votre visite (c\u2019est-\u00e0-dire via quel site Web ou via quel mat\u00e9riel publicitaire vous \u00eates venu nous voir) Google Analytics stocke les cookies dans votre navigateur Web pendant une p\u00e9riode de deux ans \u00e0 compter de votre derni\u00e8re visite. Ces cookies contiennent un identifiant g\u00e9n\u00e9r\u00e9 al\u00e9atoirement qui vous permet d\u2019\u00eatre reconnu lors de vos prochaines visites sur le site.<\/p><p>Les donn\u00e9es collect\u00e9es sont stock\u00e9es avec l\u2019ID utilisateur g\u00e9n\u00e9r\u00e9 de mani\u00e8re al\u00e9atoire, ce qui permet l\u2019\u00e9valuation de profils d\u2019utilisateurs pseudonymes. Ces donn\u00e9es utilisateur sont automatiquement supprim\u00e9es apr\u00e8s 26 mois. Les autres donn\u00e9es restent stock\u00e9es sous forme agr\u00e9g\u00e9e ind\u00e9finiment. Si vous n\u2019\u00eates pas d\u2019accord avec la collection, vous pouvez le faire en installant le module compl\u00e9mentaire du navigateur pour d\u00e9sactiver Google Analytics.<\/p><p><strong>Quels droits vous avez dans vos donn\u00e9es.<\/strong><\/p><p>Si vous avez un compte sur ce site ou avez laiss\u00e9 des commentaires, vous pouvez demander un fichier export\u00e9 contenant les informations personnelles que nous d\u00e9tenons \u00e0 votre sujet, y compris toutes les donn\u00e9es que vous nous avez fournies. Vous pouvez \u00e9galement demander que nous supprimions toutes les informations personnelles que nous avons enregistr\u00e9es \u00e0 votre sujet. \u00c0 l\u2019exception de ces donn\u00e9es, nous sommes tenus de conserver pour des raisons administratives, juridiques ou li\u00e9es \u00e0 la s\u00e9curit\u00e9.<\/p>\t\t\t\t\t\t\t\t<\/div>\n\t\t\t\t<\/div>\n\t\t\t\t\t<\/div>\n\t\t<\/div>\n\t\t\t\t\t<\/div>\n\t\t<\/section>\n\t\t\t\t<\/div>\n\t\t","protected":false},"excerpt":{"rendered":"<p>CONDITIONS D\u2019UTILISATION Veuillez noter que l\u2019acc\u00e8s et l\u2019utilisation de ce site Web sont soumis aux conditions d\u2019utilisation suivantes. Tout changement, modification et mise \u00e0 jour partiels ou complets des Conditions d\u2019Utilisation sera communiqu\u00e9 \u00e0 nos utilisateurs par publication sur le Site et liera les utilisateurs eux-m\u00eames.L\u2019acc\u00e8s et la visualisation du site (pages vues, t\u00e9l\u00e9chargements d\u2019images, [&hellip;]<\/p>\n","protected":false},"author":1,"featured_media":0,"parent":0,"menu_order":10,"comment_status":"closed","ping_status":"closed","template":"","meta":{"ocean_post_layout":"","ocean_both_sidebars_style":"","ocean_both_sidebars_content_width":0,"ocean_both_sidebars_sidebars_width":0,"ocean_sidebar":"0","ocean_second_sidebar":"0","ocean_disable_margins":"enable","ocean_add_body_class":"","ocean_shortcode_before_top_bar":"","ocean_shortcode_after_top_bar":"","ocean_shortcode_before_header":"","ocean_shortcode_after_header":"","ocean_has_shortcode":"","ocean_shortcode_after_title":"","ocean_shortcode_before_footer_widgets":"","ocean_shortcode_after_footer_widgets":"","ocean_shortcode_before_footer_bottom":"","ocean_shortcode_after_footer_bottom":"","ocean_display_top_bar":"default","ocean_display_header":"default","ocean_header_style":"","ocean_center_header_left_menu":"0","ocean_custom_header_template":"0","ocean_custom_logo":0,"ocean_custom_retina_logo":0,"ocean_custom_logo_max_width":0,"ocean_custom_logo_tablet_max_width":0,"ocean_custom_logo_mobile_max_width":0,"ocean_custom_logo_max_height":0,"ocean_custom_logo_tablet_max_height":0,"ocean_custom_logo_mobile_max_height":0,"ocean_header_custom_menu":"0","ocean_menu_typo_font_family":"0","ocean_menu_typo_font_subset":"","ocean_menu_typo_font_size":0,"ocean_menu_typo_font_size_tablet":0,"ocean_menu_typo_font_size_mobile":0,"ocean_menu_typo_font_size_unit":"px","ocean_menu_typo_font_weight":"","ocean_menu_typo_font_weight_tablet":"","ocean_menu_typo_font_weight_mobile":"","ocean_menu_typo_transform":"","ocean_menu_typo_transform_tablet":"","ocean_menu_typo_transform_mobile":"","ocean_menu_typo_line_height":0,"ocean_menu_typo_line_height_tablet":0,"ocean_menu_typo_line_height_mobile":0,"ocean_menu_typo_line_height_unit":"","ocean_menu_typo_spacing":0,"ocean_menu_typo_spacing_tablet":0,"ocean_menu_typo_spacing_mobile":0,"ocean_menu_typo_spacing_unit":"","ocean_menu_link_color":"","ocean_menu_link_color_hover":"","ocean_menu_link_color_active":"","ocean_menu_link_background":"","ocean_menu_link_hover_background":"","ocean_menu_link_active_background":"","ocean_menu_social_links_bg":"","ocean_menu_social_hover_links_bg":"","ocean_menu_social_links_color":"","ocean_menu_social_hover_links_color":"","ocean_disable_title":"default","ocean_disable_heading":"default","ocean_post_title":"","ocean_post_subheading":"","ocean_post_title_style":"","ocean_post_title_background_color":"","ocean_post_title_background":0,"ocean_post_title_bg_image_position":"","ocean_post_title_bg_image_attachment":"","ocean_post_title_bg_image_repeat":"","ocean_post_title_bg_image_size":"","ocean_post_title_height":0,"ocean_post_title_bg_overlay":0.5,"ocean_post_title_bg_overlay_color":"","ocean_disable_breadcrumbs":"default","ocean_breadcrumbs_color":"","ocean_breadcrumbs_separator_color":"","ocean_breadcrumbs_links_color":"","ocean_breadcrumbs_links_hover_color":"","ocean_display_footer_widgets":"default","ocean_display_footer_bottom":"default","ocean_custom_footer_template":"0","footnotes":""},"class_list":["post-3326","page","type-page","status-publish","hentry","entry","owp-thumbs-layout-horizontal","owp-btn-normal","owp-tabs-layout-horizontal","has-no-thumbnails","has-product-nav","circle-sale"],"_links":{"self":[{"href":"https:\/\/adfoodexperts.ch\/fr\/wp-json\/wp\/v2\/pages\/3326","targetHints":{"allow":["GET"]}}],"collection":[{"href":"https:\/\/adfoodexperts.ch\/fr\/wp-json\/wp\/v2\/pages"}],"about":[{"href":"https:\/\/adfoodexperts.ch\/fr\/wp-json\/wp\/v2\/types\/page"}],"author":[{"embeddable":true,"href":"https:\/\/adfoodexperts.ch\/fr\/wp-json\/wp\/v2\/users\/1"}],"replies":[{"embeddable":true,"href":"https:\/\/adfoodexperts.ch\/fr\/wp-json\/wp\/v2\/comments?post=3326"}],"version-history":[{"count":0,"href":"https:\/\/adfoodexperts.ch\/fr\/wp-json\/wp\/v2\/pages\/3326\/revisions"}],"wp:attachment":[{"href":"https:\/\/adfoodexperts.ch\/fr\/wp-json\/wp\/v2\/media?parent=3326"}],"curies":[{"name":"wp","href":"https:\/\/api.w.org\/{rel}","templated":true}]}}